{"id":8931,"date":"2024-06-03T17:55:47","date_gmt":"2024-06-03T15:55:47","guid":{"rendered":"https:\/\/www.hospitalespascual.com\/aviso-legal-e-politica-de-privacidade-relativamente-ao-envio-de-informacao-comercial\/"},"modified":"2026-01-13T10:59:32","modified_gmt":"2026-01-13T09:59:32","slug":"aviso-legal-e-politica-de-privacidade-relativamente-ao-envio-de-informacao-comercial","status":"publish","type":"page","link":"https:\/\/www.hospitalespascual.com\/pt-pt\/aviso-legal-e-politica-de-privacidade-relativamente-ao-envio-de-informacao-comercial\/","title":{"rendered":"Aviso Legal e Pol\u00edtica de Privacidade Relativamente ao envio de informa\u00e7\u00e3o comercial"},"content":{"rendered":"\t\t<div data-elementor-type=\"wp-page\" data-elementor-id=\"8931\" class=\"elementor elementor-8931 elementor-6492\" data-elementor-post-type=\"page\">\n\t\t\t\t\t\t<section class=\"elementor-section elementor-top-section elementor-element elementor-element-45229ab8 elementor-section-content-middle elementor-section-boxed elementor-section-height-default elementor-section-height-default\" data-id=\"45229ab8\" data-element_type=\"section\">\n\t\t\t\t\t\t<div class=\"elementor-container elementor-column-gap-default\">\n\t\t\t\t\t<div class=\"elementor-column elementor-col-100 elementor-top-column elementor-element elementor-element-7368520b\" data-id=\"7368520b\" data-element_type=\"column\">\n\t\t\t<div class=\"elementor-widget-wrap elementor-element-populated\">\n\t\t\t\t\t\t<div class=\"elementor-element elementor-element-65f977f7 elementor-widget__width-initial elementor-widget-mobile__width-initial elementor-widget elementor-widget-text-editor\" data-id=\"65f977f7\" data-element_type=\"widget\" data-widget_type=\"text-editor.default\">\n\t\t\t\t<div class=\"elementor-widget-container\">\n\t\t\t\t\t\t\t\t\t<h3><b data-stringify-type=\"bold\">Aviso Legal e Pol\u00edtica de Privacidade Relativamente ao envio de informa\u00e7\u00e3o comercial<\/b><\/h3><p> <\/p><p><strong>1. Respons\u00e1vel pelo Tratamento<\/strong><\/p><p>Em conformidade com o estabelecido no Regulamento (UE) 2016\/679 do Parlamento Europeu e do Conselho (RGPD), informamos que os dados pessoais que nos fornecer atrav\u00e9s deste formul\u00e1rio ser\u00e3o tratados por Hospitales Pascual: <\/p><p><b data-stringify-type=\"bold\">Denomina\u00e7\u00e3o social<\/b>: Jos\u00e9 Manuel Pascual Pascual.<br><b data-stringify-type=\"bold\"><\/b><\/p><p><b data-stringify-type=\"bold\">Domic\u00edlio social:<\/b> C\/ Diego Arias 2, 11002 C\u00e1diz<br><b data-stringify-type=\"bold\"><\/b><\/p><p><b data-stringify-type=\"bold\">CIF:<\/b> A11027554<br><b data-stringify-type=\"bold\"><\/b><\/p><p><b data-stringify-type=\"bold\">Endere\u00e7o de correio eletr\u00f3nico<\/b>: <a class=\"c-link\" href=\"mailto:atencionalpaciente@hospitalespascual.com\" target=\"_blank\" rel=\"noopener noreferrer\" data-stringify-link=\"mailto:atencionalpaciente@hospitalespascual.com\" data-sk=\"tooltip_parent\" aria-haspopup=\"menu\">atencionalpaciente@hospitalespascual.com<\/a><br><b data-stringify-type=\"bold\"><\/b><\/p><p><b data-stringify-type=\"bold\">Dados de inscri\u00e7\u00e3o Registral<\/b>: Inscrita no R.M. de C\u00e1diz, Tomo 628, Folio 101 Hoja CA146<\/p><p><strong>2. Finalidade do Tratamento<\/strong><\/p><p>Os dados pessoais que nos fornecer ser\u00e3o utilizados para gerir o seu pedido e, com o seu consentimento expresso, para lhe enviar comunica\u00e7\u00f5es comerciais e publicit\u00e1rias sobre os nossos servi\u00e7os, eventos e not\u00edcias relacionadas com Hospitales Pascual.<\/p><p><strong>3. Legitimidade<\/strong><\/p><p>A base legal para o tratamento dos seus dados \u00e9 o consentimento expresso que voc\u00ea outorga ao completar e enviar o formul\u00e1rio. Este consentimento pode ser retirado em qualquer momento, sem que isso afete a licitude do tratamento baseado no consentimento pr\u00e9vio \u00e0 sua retirada. <\/p><p><strong>4. Destinat\u00e1rios<\/strong><\/p><p>Os seus dados n\u00e3o ser\u00e3o cedidos a terceiros, salvo obriga\u00e7\u00e3o legal.<\/p><p><strong>5. Direitos do Utilizador<\/strong><\/p><p>Em primeiro lugar, voc\u00ea tem o direito de retirar o seu consentimento em qualquer momento, sem que isso afete a licitude do tratamento baseado no consentimento pr\u00e9vio \u00e0 sua retirada. Al\u00e9m disso, voc\u00ea tem o direito de obter confirma\u00e7\u00e3o sobre se em Hospitales Pascual estamos a tratar os seus dados pessoais. Neste sentido, voc\u00ea tem direito a: <\/p><ul><li>Aceder aos seus dados pessoais.<\/li><li>Solicitar a retifica\u00e7\u00e3o dos dados inexatos.<\/li><li>Solicitar a sua supress\u00e3o quando, entre outros motivos, os dados j\u00e1 n\u00e3o sejam necess\u00e1rios para os fins que foram recolhidos.<\/li><li>Opor-se ao tratamento dos seus dados.<\/li><li>Solicitar a limita\u00e7\u00e3o do tratamento dos seus dados.<\/li><li>Solicitar a portabilidade dos seus dados.<\/li><\/ul><p>Para exercer estes direitos, pode dirigir-se a qualquer uma das nossas instala\u00e7\u00f5es ou enviar um correio eletr\u00f3nico para <a class=\"c-link\" href=\"mailto:atencionalpaciente@jmpascual.com\" target=\"_blank\" rel=\"noopener noreferrer\" data-stringify-link=\"mailto:atencionalpaciente@jmpascual.com\" data-sk=\"tooltip_parent\" aria-haspopup=\"menu\">atencionalpaciente@jmpascual.com<\/a>. Dever\u00e1 acompanhar uma c\u00f3pia do seu BI ou documento equivalente que comprove a sua identidade. Tamb\u00e9m pode apresentar uma reclama\u00e7\u00e3o perante a Ag\u00eancia Espanhola de Prote\u00e7\u00e3o de Dados (AEPD) se considerar que os seus direitos foram violados.  <\/p><p><strong>6. Delegado de Prote\u00e7\u00e3o de Dados<\/strong><\/p><p>Para qualquer quest\u00e3o relacionada com a prote\u00e7\u00e3o dos seus dados pessoais, pode contactar com o nosso Delegado de Prote\u00e7\u00e3o de Dados (DPD) atrav\u00e9s do correio eletr\u00f3nico <a class=\"c-link\" href=\"mailto:dpd@jmpascual.com\" target=\"_blank\" rel=\"noopener noreferrer\" data-stringify-link=\"mailto:dpd@jmpascual.com\" data-sk=\"tooltip_parent\" aria-haspopup=\"menu\">dpd@jmpascual.com<\/a>.<\/p><p><strong>7. Conserva\u00e7\u00e3o dos Dados<\/strong><\/p><p>Os dados pessoais fornecidos ser\u00e3o conservados enquanto se mantiver a rela\u00e7\u00e3o comercial, enquanto n\u00e3o for solicitada a sua supress\u00e3o pelo interessado ou durante os anos necess\u00e1rios para cumprir com as obriga\u00e7\u00f5es legais. Uma vez finalizados os prazos legais aplic\u00e1veis, os dados ser\u00e3o suprimidos. <\/p><p><strong>8. Seguran\u00e7a dos Dados<\/strong><\/p><p>Hospitales Pascual compromete-se a proteger a sua informa\u00e7\u00e3o pessoal e a tomar todas as medidas de seguran\u00e7a necess\u00e1rias para evitar a sua altera\u00e7\u00e3o, perda, tratamento ou acesso n\u00e3o autorizado, conforme o estabelecido no RGPD.9. Modifica\u00e7\u00f5es da Pol\u00edtica de PrivacidadeHospitales Pascual reserva-se o direito de modificar a presente pol\u00edtica para adapt\u00e1-la a novidades legislativas ou jurisprudenciais, assim como a pr\u00e1ticas da ind\u00fastria. Em ditos supostos, anunciar\u00e1 nesta p\u00e1gina as mudan\u00e7as introduzidas com razo\u00e1vel anteced\u00eancia \u00e0 sua implementa\u00e7\u00e3o.  <\/p><p><strong>9. Modifica\u00e7\u00f5es da Pol\u00edtica de Privacidade<\/strong><\/p><p>Hospitales Pascual reserva-se o direito de modificar a presente pol\u00edtica para adapt\u00e1-la a novidades legislativas ou jurisprudenciais, assim como a pr\u00e1ticas da ind\u00fastria. Em ditos supostos, anunciar\u00e1 nesta p\u00e1gina as mudan\u00e7as introduzidas com razo\u00e1vel anteced\u00eancia \u00e0 sua implementa\u00e7\u00e3o. <\/p>\t\t\t\t\t\t\t\t<\/div>\n\t\t\t\t<\/div>\n\t\t\t\t\t<\/div>\n\t\t<\/div>\n\t\t\t\t\t<\/div>\n\t\t<\/section>\n\t\t\t\t<\/div>\n\t\t","protected":false},"excerpt":{"rendered":"<p>Aviso Legal e Pol\u00edtica de Privacidade Relativamente ao envio de informa\u00e7\u00e3o comercial 1. Respons\u00e1vel pelo Tratamento Em conformidade com o estabelecido no Regulamento (UE) 2016\/679 do Parlamento Europeu e do Conselho (RGPD), informamos que os dados pessoais que nos fornecer atrav\u00e9s deste formul\u00e1rio ser\u00e3o tratados por Hospitales Pascual: Denomina\u00e7\u00e3o social: Jos\u00e9 Manuel Pascual Pascual. Domic\u00edlio [&hellip;]<\/p>\n","protected":false},"author":2,"featured_media":8932,"parent":0,"menu_order":0,"comment_status":"closed","ping_status":"closed","template":"","meta":{"_acf_changed":false,"content-type":"","footnotes":""},"class_list":["post-8931","page","type-page","status-publish","has-post-thumbnail","hentry"],"acf":[],"yoast_head":"<!-- This site is optimized with the Yoast SEO Premium plugin v20.12 (Yoast SEO v26.8) - https:\/\/yoast.com\/product\/yoast-seo-premium-wordpress\/ -->\n<title>Aviso Legal e Pol\u00edtica de Privacidade Relativamente ao envio de informa\u00e7\u00e3o comercial - Hospitales Pascual<\/title>\n<meta name=\"robots\" content=\"noindex, nofollow\" \/>\n<meta property=\"og:locale\" content=\"pt_PT\" \/>\n<meta property=\"og:type\" content=\"article\" \/>\n<meta property=\"og:title\" content=\"Aviso Legal e Pol\u00edtica de Privacidade Relativamente ao envio de informa\u00e7\u00e3o comercial\" \/>\n<meta property=\"og:description\" content=\"Aviso Legal e Pol\u00edtica de Privacidade Relativamente ao envio de informa\u00e7\u00e3o comercial 1. Respons\u00e1vel pelo Tratamento Em conformidade com o estabelecido no Regulamento (UE) 2016\/679 do Parlamento Europeu e do Conselho (RGPD), informamos que os dados pessoais que nos fornecer atrav\u00e9s deste formul\u00e1rio ser\u00e3o tratados por Hospitales Pascual: Denomina\u00e7\u00e3o social: Jos\u00e9 Manuel Pascual Pascual. Domic\u00edlio [&hellip;]\" \/>\n<meta property=\"og:url\" content=\"https:\/\/www.hospitalespascual.com\/pt-pt\/aviso-legal-e-politica-de-privacidade-relativamente-ao-envio-de-informacao-comercial\/\" \/>\n<meta property=\"og:site_name\" content=\"Hospitales Pascual\" \/>\n<meta property=\"article:modified_time\" content=\"2026-01-13T09:59:32+00:00\" \/>\n<meta property=\"og:image\" content=\"https:\/\/hospitalespascual.com\/wp-content\/uploads\/2024\/09\/HP-Snippet2.png\" \/>\n\t<meta property=\"og:image:width\" content=\"1920\" \/>\n\t<meta property=\"og:image:height\" content=\"1080\" \/>\n\t<meta property=\"og:image:type\" content=\"image\/png\" \/>\n<meta name=\"twitter:card\" content=\"summary_large_image\" \/>\n<meta name=\"twitter:label1\" content=\"Tempo estimado de leitura\" \/>\n\t<meta name=\"twitter:data1\" content=\"3 minutos\" \/>\n<script type=\"application\/ld+json\" class=\"yoast-schema-graph\">{\"@context\":\"https:\/\/schema.org\",\"@graph\":[{\"@type\":\"WebPage\",\"@id\":\"https:\/\/www.hospitalespascual.com\/pt-pt\/aviso-legal-e-politica-de-privacidade-relativamente-ao-envio-de-informacao-comercial\/\",\"url\":\"https:\/\/www.hospitalespascual.com\/pt-pt\/aviso-legal-e-politica-de-privacidade-relativamente-ao-envio-de-informacao-comercial\/\",\"name\":\"Aviso Legal e Pol\u00edtica de Privacidade Relativamente ao envio de informa\u00e7\u00e3o comercial - Hospitales Pascual\",\"isPartOf\":{\"@id\":\"https:\/\/hospitalespascual.com\/#website\"},\"primaryImageOfPage\":{\"@id\":\"https:\/\/www.hospitalespascual.com\/pt-pt\/aviso-legal-e-politica-de-privacidade-relativamente-ao-envio-de-informacao-comercial\/#primaryimage\"},\"image\":{\"@id\":\"https:\/\/www.hospitalespascual.com\/pt-pt\/aviso-legal-e-politica-de-privacidade-relativamente-ao-envio-de-informacao-comercial\/#primaryimage\"},\"thumbnailUrl\":\"https:\/\/www.hospitalespascual.com\/wp-content\/uploads\/2024\/09\/HP-Snippet2.png\",\"datePublished\":\"2024-06-03T15:55:47+00:00\",\"dateModified\":\"2026-01-13T09:59:32+00:00\",\"breadcrumb\":{\"@id\":\"https:\/\/www.hospitalespascual.com\/pt-pt\/aviso-legal-e-politica-de-privacidade-relativamente-ao-envio-de-informacao-comercial\/#breadcrumb\"},\"inLanguage\":\"pt-PT\",\"potentialAction\":[{\"@type\":\"ReadAction\",\"target\":[\"https:\/\/www.hospitalespascual.com\/pt-pt\/aviso-legal-e-politica-de-privacidade-relativamente-ao-envio-de-informacao-comercial\/\"]}]},{\"@type\":\"ImageObject\",\"inLanguage\":\"pt-PT\",\"@id\":\"https:\/\/www.hospitalespascual.com\/pt-pt\/aviso-legal-e-politica-de-privacidade-relativamente-ao-envio-de-informacao-comercial\/#primaryimage\",\"url\":\"https:\/\/www.hospitalespascual.com\/wp-content\/uploads\/2024\/09\/HP-Snippet2.png\",\"contentUrl\":\"https:\/\/www.hospitalespascual.com\/wp-content\/uploads\/2024\/09\/HP-Snippet2.png\",\"width\":1920,\"height\":1080},{\"@type\":\"BreadcrumbList\",\"@id\":\"https:\/\/www.hospitalespascual.com\/pt-pt\/aviso-legal-e-politica-de-privacidade-relativamente-ao-envio-de-informacao-comercial\/#breadcrumb\",\"itemListElement\":[{\"@type\":\"ListItem\",\"position\":1,\"name\":\"Home\",\"item\":\"https:\/\/www.hospitalespascual.com\/pt-pt\/\"},{\"@type\":\"ListItem\",\"position\":2,\"name\":\"Aviso Legal e Pol\u00edtica de Privacidade Relativamente ao envio de informa\u00e7\u00e3o comercial\"}]},{\"@type\":\"WebSite\",\"@id\":\"https:\/\/hospitalespascual.com\/#website\",\"url\":\"https:\/\/hospitalespascual.com\/\",\"name\":\"Hospitales Pascual\",\"description\":\"\",\"potentialAction\":[{\"@type\":\"SearchAction\",\"target\":{\"@type\":\"EntryPoint\",\"urlTemplate\":\"https:\/\/hospitalespascual.com\/?s={search_term_string}\"},\"query-input\":{\"@type\":\"PropertyValueSpecification\",\"valueRequired\":true,\"valueName\":\"search_term_string\"}}],\"inLanguage\":\"pt-PT\"}]}<\/script>\n<!-- \/ Yoast SEO Premium plugin. -->","yoast_head_json":{"title":"Aviso Legal e Pol\u00edtica de Privacidade Relativamente ao envio de informa\u00e7\u00e3o comercial - Hospitales Pascual","robots":{"index":"noindex","follow":"nofollow"},"og_locale":"pt_PT","og_type":"article","og_title":"Aviso Legal e Pol\u00edtica de Privacidade Relativamente ao envio de informa\u00e7\u00e3o comercial","og_description":"Aviso Legal e Pol\u00edtica de Privacidade Relativamente ao envio de informa\u00e7\u00e3o comercial 1. Respons\u00e1vel pelo Tratamento Em conformidade com o estabelecido no Regulamento (UE) 2016\/679 do Parlamento Europeu e do Conselho (RGPD), informamos que os dados pessoais que nos fornecer atrav\u00e9s deste formul\u00e1rio ser\u00e3o tratados por Hospitales Pascual: Denomina\u00e7\u00e3o social: Jos\u00e9 Manuel Pascual Pascual. Domic\u00edlio [&hellip;]","og_url":"https:\/\/www.hospitalespascual.com\/pt-pt\/aviso-legal-e-politica-de-privacidade-relativamente-ao-envio-de-informacao-comercial\/","og_site_name":"Hospitales Pascual","article_modified_time":"2026-01-13T09:59:32+00:00","og_image":[{"width":1920,"height":1080,"url":"https:\/\/hospitalespascual.com\/wp-content\/uploads\/2024\/09\/HP-Snippet2.png","type":"image\/png"}],"twitter_card":"summary_large_image","twitter_misc":{"Tempo estimado de leitura":"3 minutos"},"schema":{"@context":"https:\/\/schema.org","@graph":[{"@type":"WebPage","@id":"https:\/\/www.hospitalespascual.com\/pt-pt\/aviso-legal-e-politica-de-privacidade-relativamente-ao-envio-de-informacao-comercial\/","url":"https:\/\/www.hospitalespascual.com\/pt-pt\/aviso-legal-e-politica-de-privacidade-relativamente-ao-envio-de-informacao-comercial\/","name":"Aviso Legal e Pol\u00edtica de Privacidade Relativamente ao envio de informa\u00e7\u00e3o comercial - Hospitales Pascual","isPartOf":{"@id":"https:\/\/hospitalespascual.com\/#website"},"primaryImageOfPage":{"@id":"https:\/\/www.hospitalespascual.com\/pt-pt\/aviso-legal-e-politica-de-privacidade-relativamente-ao-envio-de-informacao-comercial\/#primaryimage"},"image":{"@id":"https:\/\/www.hospitalespascual.com\/pt-pt\/aviso-legal-e-politica-de-privacidade-relativamente-ao-envio-de-informacao-comercial\/#primaryimage"},"thumbnailUrl":"https:\/\/www.hospitalespascual.com\/wp-content\/uploads\/2024\/09\/HP-Snippet2.png","datePublished":"2024-06-03T15:55:47+00:00","dateModified":"2026-01-13T09:59:32+00:00","breadcrumb":{"@id":"https:\/\/www.hospitalespascual.com\/pt-pt\/aviso-legal-e-politica-de-privacidade-relativamente-ao-envio-de-informacao-comercial\/#breadcrumb"},"inLanguage":"pt-PT","potentialAction":[{"@type":"ReadAction","target":["https:\/\/www.hospitalespascual.com\/pt-pt\/aviso-legal-e-politica-de-privacidade-relativamente-ao-envio-de-informacao-comercial\/"]}]},{"@type":"ImageObject","inLanguage":"pt-PT","@id":"https:\/\/www.hospitalespascual.com\/pt-pt\/aviso-legal-e-politica-de-privacidade-relativamente-ao-envio-de-informacao-comercial\/#primaryimage","url":"https:\/\/www.hospitalespascual.com\/wp-content\/uploads\/2024\/09\/HP-Snippet2.png","contentUrl":"https:\/\/www.hospitalespascual.com\/wp-content\/uploads\/2024\/09\/HP-Snippet2.png","width":1920,"height":1080},{"@type":"BreadcrumbList","@id":"https:\/\/www.hospitalespascual.com\/pt-pt\/aviso-legal-e-politica-de-privacidade-relativamente-ao-envio-de-informacao-comercial\/#breadcrumb","itemListElement":[{"@type":"ListItem","position":1,"name":"Home","item":"https:\/\/www.hospitalespascual.com\/pt-pt\/"},{"@type":"ListItem","position":2,"name":"Aviso Legal e Pol\u00edtica de Privacidade Relativamente ao envio de informa\u00e7\u00e3o comercial"}]},{"@type":"WebSite","@id":"https:\/\/hospitalespascual.com\/#website","url":"https:\/\/hospitalespascual.com\/","name":"Hospitales Pascual","description":"","potentialAction":[{"@type":"SearchAction","target":{"@type":"EntryPoint","urlTemplate":"https:\/\/hospitalespascual.com\/?s={search_term_string}"},"query-input":{"@type":"PropertyValueSpecification","valueRequired":true,"valueName":"search_term_string"}}],"inLanguage":"pt-PT"}]}},"_links":{"self":[{"href":"https:\/\/www.hospitalespascual.com\/pt-pt\/wp-json\/wp\/v2\/pages\/8931","targetHints":{"allow":["GET"]}}],"collection":[{"href":"https:\/\/www.hospitalespascual.com\/pt-pt\/wp-json\/wp\/v2\/pages"}],"about":[{"href":"https:\/\/www.hospitalespascual.com\/pt-pt\/wp-json\/wp\/v2\/types\/page"}],"author":[{"embeddable":true,"href":"https:\/\/www.hospitalespascual.com\/pt-pt\/wp-json\/wp\/v2\/users\/2"}],"replies":[{"embeddable":true,"href":"https:\/\/www.hospitalespascual.com\/pt-pt\/wp-json\/wp\/v2\/comments?post=8931"}],"version-history":[{"count":1,"href":"https:\/\/www.hospitalespascual.com\/pt-pt\/wp-json\/wp\/v2\/pages\/8931\/revisions"}],"predecessor-version":[{"id":8933,"href":"https:\/\/www.hospitalespascual.com\/pt-pt\/wp-json\/wp\/v2\/pages\/8931\/revisions\/8933"}],"wp:featuredmedia":[{"embeddable":true,"href":"https:\/\/www.hospitalespascual.com\/pt-pt\/wp-json\/wp\/v2\/media\/8932"}],"wp:attachment":[{"href":"https:\/\/www.hospitalespascual.com\/pt-pt\/wp-json\/wp\/v2\/media?parent=8931"}],"curies":[{"name":"wp","href":"https:\/\/api.w.org\/{rel}","templated":true}]}}